{"id":16,"date":"2025-10-17T12:37:48","date_gmt":"2025-10-17T12:37:48","guid":{"rendered":"https:\/\/www.next-expedition.com\/?page_id=16"},"modified":"2026-03-06T11:07:12","modified_gmt":"2026-03-06T11:07:12","slug":"accueil","status":"publish","type":"page","link":"https:\/\/www.next-expedition.com\/","title":{"rendered":"Accueil"},"content":{"rendered":"\n<p class=\"has-medium-font-size\"><strong>Next Expedition<\/strong>, une jeune entreprise familiale qui partage une <strong>passion<\/strong> pour les <strong>belles m\u00e9caniques<\/strong> et les <strong>aventures tout-terrain<\/strong>. Depuis juin 2025, elle a pour <strong>vocation<\/strong> d&rsquo;<strong>importer<\/strong> et de mettre \u00e0 disposition des explorateurs les <strong>produits<\/strong> et <strong>\u00e9quipements les plus haut de gamme<\/strong> du march\u00e9.<\/p>\n\n\n\n<div class=\"wp-block-cover alignwide is-light\"><img loading=\"lazy\" decoding=\"async\" width=\"2048\" height=\"1536\" class=\"wp-block-cover__image-background wp-image-179 size-full\" alt=\"\" src=\"https:\/\/www.next-expedition.com\/wp-content\/uploads\/2025\/10\/Photo-JK-sommeiller.jpg\" data-object-fit=\"cover\" srcset=\"https:\/\/www.next-expedition.com\/wp-content\/uploads\/2025\/10\/Photo-JK-sommeiller.jpg 2048w, https:\/\/www.next-expedition.com\/wp-content\/uploads\/2025\/10\/Photo-JK-sommeiller-300x225.jpg 300w, https:\/\/www.next-expedition.com\/wp-content\/uploads\/2025\/10\/Photo-JK-sommeiller-1024x768.jpg 1024w, https:\/\/www.next-expedition.com\/wp-content\/uploads\/2025\/10\/Photo-JK-sommeiller-768x576.jpg 768w, https:\/\/www.next-expedition.com\/wp-content\/uploads\/2025\/10\/Photo-JK-sommeiller-1536x1152.jpg 1536w\" sizes=\"auto, (max-width: 2048px) 100vw, 2048px\" \/><span aria-hidden=\"true\" class=\"wp-block-cover__background has-background-dim\" style=\"background-color:#7e8a9f\"><\/span><div class=\"wp-block-cover__inner-container is-layout-constrained wp-block-cover-is-layout-constrained\">\n<blockquote class=\"wp-block-quote is-layout-flow wp-block-quote-is-layout-flow\">\n<p><strong>\u00ab\u00a0Nous voulons offrir \u00e0 nos clients une solution qui ne fasse aucun compromis sur la qualit\u00e9 et le confort, m\u00eame au milieu de&nbsp;nulle&nbsp;part\u00a0\u00bb<\/strong><\/p>\n<\/blockquote>\n\n\n\n<div style=\"height:315px\" aria-hidden=\"true\" class=\"wp-block-spacer\"><\/div>\n<\/div><\/div>\n\n\n\n<div style=\"height:100px\" aria-hidden=\"true\" class=\"wp-block-spacer\"><\/div>\n\n\n<ul class=\"wp-block-latest-posts__list is-grid columns-3 has-dates wp-block-latest-posts\"><li><div class=\"wp-block-latest-posts__featured-image\"><a href=\"https:\/\/www.next-expedition.com\/index.php\/2026\/03\/06\/venez-nous-voir-a-jeeper-festivalp-2026\/\" aria-label=\"Venez nous voir \u00e0 Jeepers Festiv&rsquo;Alp 2026\"><img loading=\"lazy\" decoding=\"async\" width=\"738\" height=\"1024\" src=\"https:\/\/www.next-expedition.com\/wp-content\/uploads\/2026\/03\/Affiche-Jeeper-FestivAlp-2026-738x1024.png\" class=\"attachment-large size-large wp-post-image\" alt=\"\" style=\"\" srcset=\"https:\/\/www.next-expedition.com\/wp-content\/uploads\/2026\/03\/Affiche-Jeeper-FestivAlp-2026-738x1024.png 738w, https:\/\/www.next-expedition.com\/wp-content\/uploads\/2026\/03\/Affiche-Jeeper-FestivAlp-2026-216x300.png 216w, https:\/\/www.next-expedition.com\/wp-content\/uploads\/2026\/03\/Affiche-Jeeper-FestivAlp-2026-768x1066.png 768w, https:\/\/www.next-expedition.com\/wp-content\/uploads\/2026\/03\/Affiche-Jeeper-FestivAlp-2026.png 882w\" sizes=\"auto, (max-width: 738px) 100vw, 738px\" \/><\/a><\/div><a class=\"wp-block-latest-posts__post-title\" href=\"https:\/\/www.next-expedition.com\/index.php\/2026\/03\/06\/venez-nous-voir-a-jeeper-festivalp-2026\/\">Venez nous voir \u00e0 Jeepers Festiv&rsquo;Alp 2026<\/a><time datetime=\"2026-03-06T12:20:06+00:00\" class=\"wp-block-latest-posts__post-date\">mars 6, 2026<\/time><\/li>\n<li><div class=\"wp-block-latest-posts__featured-image\"><a href=\"https:\/\/www.next-expedition.com\/index.php\/2026\/03\/06\/nous-serons-au-salon-du-tout-terrain-et-du-voyage-de-valloire-2026\/\" aria-label=\"Nous serons au Salon du Tout-Terrain et du Voyage de Valloire 2026\"><img loading=\"lazy\" decoding=\"async\" width=\"725\" height=\"1024\" src=\"https:\/\/www.next-expedition.com\/wp-content\/uploads\/2026\/03\/Affiche-Salon-du-Tout-Terrain-et-du-Voyage-de-Valloire-2026-725x1024.jpg\" class=\"attachment-large size-large wp-post-image\" alt=\"\" style=\"\" srcset=\"https:\/\/www.next-expedition.com\/wp-content\/uploads\/2026\/03\/Affiche-Salon-du-Tout-Terrain-et-du-Voyage-de-Valloire-2026-725x1024.jpg 725w, https:\/\/www.next-expedition.com\/wp-content\/uploads\/2026\/03\/Affiche-Salon-du-Tout-Terrain-et-du-Voyage-de-Valloire-2026-212x300.jpg 212w, https:\/\/www.next-expedition.com\/wp-content\/uploads\/2026\/03\/Affiche-Salon-du-Tout-Terrain-et-du-Voyage-de-Valloire-2026-768x1084.jpg 768w, https:\/\/www.next-expedition.com\/wp-content\/uploads\/2026\/03\/Affiche-Salon-du-Tout-Terrain-et-du-Voyage-de-Valloire-2026-1088x1536.jpg 1088w, https:\/\/www.next-expedition.com\/wp-content\/uploads\/2026\/03\/Affiche-Salon-du-Tout-Terrain-et-du-Voyage-de-Valloire-2026-1450x2048.jpg 1450w, https:\/\/www.next-expedition.com\/wp-content\/uploads\/2026\/03\/Affiche-Salon-du-Tout-Terrain-et-du-Voyage-de-Valloire-2026.jpg 1813w\" sizes=\"auto, (max-width: 725px) 100vw, 725px\" \/><\/a><\/div><a class=\"wp-block-latest-posts__post-title\" href=\"https:\/\/www.next-expedition.com\/index.php\/2026\/03\/06\/nous-serons-au-salon-du-tout-terrain-et-du-voyage-de-valloire-2026\/\">Nous serons au Salon du Tout-Terrain et du Voyage de Valloire 2026<\/a><time datetime=\"2026-03-06T10:48:50+00:00\" class=\"wp-block-latest-posts__post-date\">mars 6, 2026<\/time><\/li>\n<li><div class=\"wp-block-latest-posts__featured-image\"><a href=\"https:\/\/www.next-expedition.com\/index.php\/2025\/11\/18\/vanlife-expo-bordeaux-2025\/\" aria-label=\"VanLife Expo Bordeaux 2025\"><img loading=\"lazy\" decoding=\"async\" width=\"819\" height=\"1024\" src=\"https:\/\/www.next-expedition.com\/wp-content\/uploads\/2025\/11\/WhatsApp-Image-2025-11-18-at-12.21.26-819x1024.jpeg\" class=\"attachment-large size-large wp-post-image\" alt=\"\" style=\"\" srcset=\"https:\/\/www.next-expedition.com\/wp-content\/uploads\/2025\/11\/WhatsApp-Image-2025-11-18-at-12.21.26-819x1024.jpeg 819w, https:\/\/www.next-expedition.com\/wp-content\/uploads\/2025\/11\/WhatsApp-Image-2025-11-18-at-12.21.26-240x300.jpeg 240w, https:\/\/www.next-expedition.com\/wp-content\/uploads\/2025\/11\/WhatsApp-Image-2025-11-18-at-12.21.26-768x960.jpeg 768w, https:\/\/www.next-expedition.com\/wp-content\/uploads\/2025\/11\/WhatsApp-Image-2025-11-18-at-12.21.26-1229x1536.jpeg 1229w, https:\/\/www.next-expedition.com\/wp-content\/uploads\/2025\/11\/WhatsApp-Image-2025-11-18-at-12.21.26.jpeg 1280w\" sizes=\"auto, (max-width: 819px) 100vw, 819px\" \/><\/a><\/div><a class=\"wp-block-latest-posts__post-title\" href=\"https:\/\/www.next-expedition.com\/index.php\/2025\/11\/18\/vanlife-expo-bordeaux-2025\/\">VanLife Expo Bordeaux 2025<\/a><time datetime=\"2025-11-18T13:20:22+00:00\" class=\"wp-block-latest-posts__post-date\">novembre 18, 2025<\/time><\/li>\n<\/ul>","protected":false},"excerpt":{"rendered":"<p>Next Expedition, une jeune entreprise familiale qui partage une passion pour les belles m\u00e9caniques et les aventures tout-terrain. Depuis juin [&hellip;]<\/p>\n","protected":false},"author":1,"featured_media":0,"parent":0,"menu_order":0,"comment_status":"closed","ping_status":"closed","template":"","meta":{"site-sidebar-layout":"default","site-content-layout":"","ast-site-content-layout":"default","site-content-style":"default","site-sidebar-style":"default","ast-global-header-display":"","ast-banner-title-visibility":"","ast-main-header-display":"","ast-hfb-above-header-display":"","ast-hfb-below-header-display":"","ast-hfb-mobile-header-display":"","site-post-title":"","ast-breadcrumbs-content":"","ast-featured-img":"","footer-sml-layout":"","ast-disable-related-posts":"","theme-transparent-header-meta":"","adv-header-id-meta":"","stick-header-meta":"","header-above-stick-meta":"","header-main-stick-meta":"","header-below-stick-meta":"","astra-migrate-meta-layouts":"default","ast-page-background-enabled":"default","ast-page-background-meta":{"desktop":{"background-color":"var(--ast-global-color-5)","background-image":"","background-repeat":"repeat","background-position":"center center","background-size":"auto","background-attachment":"scroll","background-type":"","background-media":"","overlay-type":"","overlay-color":"","overlay-opacity":"","overlay-gradient":""},"tablet":{"background-color":"","background-image":"","background-repeat":"repeat","background-position":"center center","background-size":"auto","background-attachment":"scroll","background-type":"","background-media":"","overlay-type":"","overlay-color":"","overlay-opacity":"","overlay-gradient":""},"mobile":{"background-color":"","background-image":"","background-repeat":"repeat","background-position":"center center","background-size":"auto","background-attachment":"scroll","background-type":"","background-media":"","overlay-type":"","overlay-color":"","overlay-opacity":"","overlay-gradient":""}},"ast-content-background-meta":{"desktop":{"background-color":"var(--ast-global-color-4)","background-image":"","background-repeat":"repeat","background-position":"center center","background-size":"auto","background-attachment":"scroll","background-type":"","background-media":"","overlay-type":"","overlay-color":"","overlay-opacity":"","overlay-gradient":""},"tablet":{"background-color":"var(--ast-global-color-4)","background-image":"","background-repeat":"repeat","background-position":"center center","background-size":"auto","background-attachment":"scroll","background-type":"","background-media":"","overlay-type":"","overlay-color":"","overlay-opacity":"","overlay-gradient":""},"mobile":{"background-color":"var(--ast-global-color-4)","background-image":"","background-repeat":"repeat","background-position":"center center","background-size":"auto","background-attachment":"scroll","background-type":"","background-media":"","overlay-type":"","overlay-color":"","overlay-opacity":"","overlay-gradient":""}},"footnotes":""},"class_list":["post-16","page","type-page","status-publish","hentry"],"_links":{"self":[{"href":"https:\/\/www.next-expedition.com\/index.php\/wp-json\/wp\/v2\/pages\/16","targetHints":{"allow":["GET"]}}],"collection":[{"href":"https:\/\/www.next-expedition.com\/index.php\/wp-json\/wp\/v2\/pages"}],"about":[{"href":"https:\/\/www.next-expedition.com\/index.php\/wp-json\/wp\/v2\/types\/page"}],"author":[{"embeddable":true,"href":"https:\/\/www.next-expedition.com\/index.php\/wp-json\/wp\/v2\/users\/1"}],"replies":[{"embeddable":true,"href":"https:\/\/www.next-expedition.com\/index.php\/wp-json\/wp\/v2\/comments?post=16"}],"version-history":[{"count":19,"href":"https:\/\/www.next-expedition.com\/index.php\/wp-json\/wp\/v2\/pages\/16\/revisions"}],"predecessor-version":[{"id":374,"href":"https:\/\/www.next-expedition.com\/index.php\/wp-json\/wp\/v2\/pages\/16\/revisions\/374"}],"wp:attachment":[{"href":"https:\/\/www.next-expedition.com\/index.php\/wp-json\/wp\/v2\/media?parent=16"}],"curies":[{"name":"wp","href":"https:\/\/api.w.org\/{rel}","templated":true}]}}