{"id":197,"date":"2025-10-31T16:38:24","date_gmt":"2025-10-31T16:38:24","guid":{"rendered":"https:\/\/www.next-expedition.com\/?page_id=197"},"modified":"2026-01-09T19:03:54","modified_gmt":"2026-01-09T19:03:54","slug":"tentes-de-toit","status":"publish","type":"page","link":"https:\/\/www.next-expedition.com\/index.php\/tentes-de-toit\/","title":{"rendered":"Tentes de Toit:"},"content":{"rendered":"\n<p><strong>D\u00e9couvrez ci-dessous la s\u00e9lection de tentes de toit que nous commercialisons.<\/strong><\/p>\n\n\n\n<p>Un choix s&rsquo;impose ? <strong>Nous sommes l\u00e0 pour vous guider !<\/strong> +33 6 5126 7662 ou contact@next-expedition.com<\/p>\n\n\n\n<p>N&rsquo;h\u00e9sitez pas \u00e0 nous appeler ou \u00e0 nous \u00e9crire. Nous serons ravis de vous offrir des <strong>conseils personnalis\u00e9s<\/strong> afin de vous orienter vers la marque et le mod\u00e8le <strong>le plus adapt\u00e9s \u00e0 vos besoins et \u00e0 vos aventures.<\/strong><\/p>\n\n\n\n<h2 class=\"wp-block-heading\">Nos Partenaires<\/h2>\n\n\n\n<div class=\"wp-block-columns is-layout-flex wp-container-core-columns-is-layout-28f84493 wp-block-columns-is-layout-flex\">\n<div class=\"wp-block-column is-layout-flow wp-block-column-is-layout-flow\">\n<figure class=\"wp-block-image alignleft size-full\"><a href=\"https:\/\/www.next-expedition.com\/index.php\/go-overland-canada\/\"><img loading=\"lazy\" decoding=\"async\" width=\"343\" height=\"147\" src=\"https:\/\/www.next-expedition.com\/wp-content\/uploads\/2025\/10\/Go-overland.png\" alt=\"\" class=\"wp-image-198\" srcset=\"https:\/\/www.next-expedition.com\/wp-content\/uploads\/2025\/10\/Go-overland.png 343w, https:\/\/www.next-expedition.com\/wp-content\/uploads\/2025\/10\/Go-overland-300x129.png 300w\" sizes=\"auto, (max-width: 343px) 100vw, 343px\" \/><\/a><\/figure>\n<\/div>\n\n\n\n<div class=\"wp-block-column is-layout-flow wp-block-column-is-layout-flow\">\n<p>Notre partenaire Go Overland Canada vous propose des tentes de toit en coque aluminium alliant l\u00e9g\u00e8ret\u00e9 et robustesse. Chacune des tentes Go Overland Canada est livr\u00e9e avec toute les accessoires et \u00e9quipements n\u00e9cessaire pour faire de chaque aventure un moment inoubliable.<\/p>\n\n\n\n<div class=\"wp-block-buttons is-layout-flex wp-block-buttons-is-layout-flex\">\n<div class=\"wp-block-button\"><a class=\"wp-block-button__link wp-element-button\" href=\"https:\/\/www.next-expedition.com\/index.php\/go-overland-canada\/\">En savoir plus<\/a><\/div>\n<\/div>\n<\/div>\n<\/div>\n\n\n\n<div style=\"height:100px\" aria-hidden=\"true\" class=\"wp-block-spacer\"><\/div>\n\n\n\n<h3 class=\"wp-block-heading\">Autres marques disponibles<\/h3>\n\n\n\n<div class=\"wp-block-columns is-layout-flex wp-container-core-columns-is-layout-28f84493 wp-block-columns-is-layout-flex\">\n<div class=\"wp-block-column is-layout-flow wp-block-column-is-layout-flow\">\n<figure class=\"wp-block-image alignfull size-full\"><a href=\"https:\/\/arbeurope.com\/tents-awnings-camping\/rooftop-tents\/\"><img loading=\"lazy\" decoding=\"async\" width=\"265\" height=\"148\" src=\"https:\/\/www.next-expedition.com\/wp-content\/uploads\/2025\/10\/arb.png\" alt=\"\" class=\"wp-image-201\"\/><\/a><\/figure>\n\n\n\n<figure class=\"wp-block-image aligncenter size-full\"><a href=\"https:\/\/shop.vickywood.com\/roof-tents\"><img loading=\"lazy\" decoding=\"async\" width=\"110\" height=\"103\" src=\"https:\/\/www.next-expedition.com\/wp-content\/uploads\/2025\/10\/Vickywood.png\" alt=\"\" class=\"wp-image-206\"\/><\/a><\/figure>\n\n\n\n<figure class=\"wp-block-image alignfull size-full\"><a href=\"https:\/\/eu.tentbox.com\/fr-fr\/collections\/tentes-de-toit?_gl=1*9581el*_up*MQ..*_ga*MjEwOTg1OTYyMy4xNzYxOTI3NjE0*_ga_F6RCNS5JKB*czE3NjE5Mjc2MTAkbzEkZzAkdDE3NjE5Mjc2MTAkajYwJGwwJGgw*_ga_C4NKVWNJBJ*czE3NjE5Mjc2MTMkbzEkZzAkdDE3NjE5Mjc2MTMkajYwJGwwJGg2ODMzMzQyNDI.\"><img loading=\"lazy\" decoding=\"async\" width=\"225\" height=\"139\" src=\"https:\/\/www.next-expedition.com\/wp-content\/uploads\/2025\/10\/Tentbox.jpg\" alt=\"\" class=\"wp-image-209\"\/><\/a><\/figure>\n\n\n\n<figure class=\"wp-block-image alignfull size-full\"><a href=\"https:\/\/roofnest.com\/collections\/roof-top-tents\"><img loading=\"lazy\" decoding=\"async\" width=\"155\" height=\"148\" src=\"https:\/\/www.next-expedition.com\/wp-content\/uploads\/2025\/10\/Roofnest.png\" alt=\"\" class=\"wp-image-208\"\/><\/a><\/figure>\n<\/div>\n\n\n\n<div class=\"wp-block-column is-layout-flow wp-block-column-is-layout-flow\">\n<figure class=\"wp-block-image alignfull size-full\"><a href=\"https:\/\/www.dreamteamcar.com\/tente-de-toit\/c_1729-tente-de-toit-coque-rigide\/RHR-61002-tente-de-toit-hardshell-rhino-rack.html\"><img loading=\"lazy\" decoding=\"async\" width=\"225\" height=\"225\" src=\"https:\/\/www.next-expedition.com\/wp-content\/uploads\/2025\/10\/Rhino-Rack.png\" alt=\"\" class=\"wp-image-200\" srcset=\"https:\/\/www.next-expedition.com\/wp-content\/uploads\/2025\/10\/Rhino-Rack.png 225w, https:\/\/www.next-expedition.com\/wp-content\/uploads\/2025\/10\/Rhino-Rack-150x150.png 150w\" sizes=\"auto, (max-width: 225px) 100vw, 225px\" \/><\/a><\/figure>\n\n\n\n<figure class=\"wp-block-image alignfull size-full\"><a href=\"https:\/\/www.alu-cab.com\/productcategories\/rooftop-tents\/\"><img loading=\"lazy\" decoding=\"async\" width=\"262\" height=\"142\" src=\"https:\/\/www.next-expedition.com\/wp-content\/uploads\/2025\/10\/telechargement.jpg\" alt=\"\" class=\"wp-image-202\"\/><\/a><\/figure>\n\n\n\n<figure class=\"wp-block-image alignfull size-full\"><a href=\"https:\/\/roofspace.fr\/collections\/tentes-de-toit\"><img loading=\"lazy\" decoding=\"async\" width=\"180\" height=\"148\" src=\"https:\/\/www.next-expedition.com\/wp-content\/uploads\/2025\/10\/Roofspace.png\" alt=\"\" class=\"wp-image-207\"\/><\/a><\/figure>\n<\/div>\n\n\n\n<div class=\"wp-block-column is-layout-flow wp-block-column-is-layout-flow\">\n<figure class=\"wp-block-image alignfull size-full\"><a href=\"https:\/\/www.jamesbaroud.fr\/\"><img loading=\"lazy\" decoding=\"async\" width=\"516\" height=\"21\" src=\"https:\/\/www.next-expedition.com\/wp-content\/uploads\/2025\/10\/logo-jamesbaroud.png\" alt=\"\" class=\"wp-image-199\" srcset=\"https:\/\/www.next-expedition.com\/wp-content\/uploads\/2025\/10\/logo-jamesbaroud.png 516w, https:\/\/www.next-expedition.com\/wp-content\/uploads\/2025\/10\/logo-jamesbaroud-300x12.png 300w\" sizes=\"auto, (max-width: 516px) 100vw, 516px\" \/><\/a><\/figure>\n\n\n\n<figure class=\"wp-block-image alignfull size-large\"><a href=\"https:\/\/soplair.com\/produits\/tentes-de-toit\/\"><img loading=\"lazy\" decoding=\"async\" width=\"1024\" height=\"349\" src=\"https:\/\/www.next-expedition.com\/wp-content\/uploads\/2025\/10\/Soplair-1024x349.png\" alt=\"\" class=\"wp-image-203\" srcset=\"https:\/\/www.next-expedition.com\/wp-content\/uploads\/2025\/10\/Soplair-1024x349.png 1024w, https:\/\/www.next-expedition.com\/wp-content\/uploads\/2025\/10\/Soplair-300x102.png 300w, https:\/\/www.next-expedition.com\/wp-content\/uploads\/2025\/10\/Soplair-768x262.png 768w, https:\/\/www.next-expedition.com\/wp-content\/uploads\/2025\/10\/Soplair-1536x523.png 1536w, https:\/\/www.next-expedition.com\/wp-content\/uploads\/2025\/10\/Soplair.png 1955w\" sizes=\"auto, (max-width: 1024px) 100vw, 1024px\" \/><\/a><\/figure>\n\n\n\n<figure class=\"wp-block-image alignfull size-full\"><a href=\"https:\/\/shop.autohome-official.com\/fr\/\"><img loading=\"lazy\" decoding=\"async\" width=\"768\" height=\"209\" src=\"https:\/\/www.next-expedition.com\/wp-content\/uploads\/2025\/10\/autohome.jpg\" alt=\"\" class=\"wp-image-204\" srcset=\"https:\/\/www.next-expedition.com\/wp-content\/uploads\/2025\/10\/autohome.jpg 768w, https:\/\/www.next-expedition.com\/wp-content\/uploads\/2025\/10\/autohome-300x82.jpg 300w\" sizes=\"auto, (max-width: 768px) 100vw, 768px\" \/><\/a><\/figure>\n\n\n\n<figure class=\"wp-block-image alignfull size-full\"><a href=\"https:\/\/www.thule.com\/fr-fr\/rooftop-tents-and-accessories\/rooftop-tents\"><img loading=\"lazy\" decoding=\"async\" width=\"225\" height=\"225\" src=\"https:\/\/www.next-expedition.com\/wp-content\/uploads\/2025\/10\/thule.png\" alt=\"\" class=\"wp-image-205\" srcset=\"https:\/\/www.next-expedition.com\/wp-content\/uploads\/2025\/10\/thule.png 225w, https:\/\/www.next-expedition.com\/wp-content\/uploads\/2025\/10\/thule-150x150.png 150w\" sizes=\"auto, (max-width: 225px) 100vw, 225px\" \/><\/a><\/figure>\n<\/div>\n<\/div>\n","protected":false},"excerpt":{"rendered":"<p>D\u00e9couvrez ci-dessous la s\u00e9lection de tentes de toit que nous commercialisons. Un choix s&rsquo;impose ? Nous sommes l\u00e0 pour vous [&hellip;]<\/p>\n","protected":false},"author":1,"featured_media":0,"parent":0,"menu_order":0,"comment_status":"closed","ping_status":"closed","template":"","meta":{"site-sidebar-layout":"default","site-content-layout":"","ast-site-content-layout":"default","site-content-style":"default","site-sidebar-style":"default","ast-global-header-display":"","ast-banner-title-visibility":"","ast-main-header-display":"","ast-hfb-above-header-display":"","ast-hfb-below-header-display":"","ast-hfb-mobile-header-display":"","site-post-title":"","ast-breadcrumbs-content":"","ast-featured-img":"","footer-sml-layout":"","ast-disable-related-posts":"","theme-transparent-header-meta":"","adv-header-id-meta":"","stick-header-meta":"","header-above-stick-meta":"","header-main-stick-meta":"","header-below-stick-meta":"","astra-migrate-meta-layouts":"default","ast-page-background-enabled":"default","ast-page-background-meta":{"desktop":{"background-color":"var(--ast-global-color-5)","background-image":"","background-repeat":"repeat","background-position":"center center","background-size":"auto","background-attachment":"scroll","background-type":"","background-media":"","overlay-type":"","overlay-color":"","overlay-opacity":"","overlay-gradient":""},"tablet":{"background-color":"","background-image":"","background-repeat":"repeat","background-position":"center center","background-size":"auto","background-attachment":"scroll","background-type":"","background-media":"","overlay-type":"","overlay-color":"","overlay-opacity":"","overlay-gradient":""},"mobile":{"background-color":"","background-image":"","background-repeat":"repeat","background-position":"center center","background-size":"auto","background-attachment":"scroll","background-type":"","background-media":"","overlay-type":"","overlay-color":"","overlay-opacity":"","overlay-gradient":""}},"ast-content-background-meta":{"desktop":{"background-color":"var(--ast-global-color-4)","background-image":"","background-repeat":"repeat","background-position":"center center","background-size":"auto","background-attachment":"scroll","background-type":"","background-media":"","overlay-type":"","overlay-color":"","overlay-opacity":"","overlay-gradient":""},"tablet":{"background-color":"var(--ast-global-color-4)","background-image":"","background-repeat":"repeat","background-position":"center center","background-size":"auto","background-attachment":"scroll","background-type":"","background-media":"","overlay-type":"","overlay-color":"","overlay-opacity":"","overlay-gradient":""},"mobile":{"background-color":"var(--ast-global-color-4)","background-image":"","background-repeat":"repeat","background-position":"center center","background-size":"auto","background-attachment":"scroll","background-type":"","background-media":"","overlay-type":"","overlay-color":"","overlay-opacity":"","overlay-gradient":""}},"footnotes":""},"class_list":["post-197","page","type-page","status-publish","hentry"],"_links":{"self":[{"href":"https:\/\/www.next-expedition.com\/index.php\/wp-json\/wp\/v2\/pages\/197","targetHints":{"allow":["GET"]}}],"collection":[{"href":"https:\/\/www.next-expedition.com\/index.php\/wp-json\/wp\/v2\/pages"}],"about":[{"href":"https:\/\/www.next-expedition.com\/index.php\/wp-json\/wp\/v2\/types\/page"}],"author":[{"embeddable":true,"href":"https:\/\/www.next-expedition.com\/index.php\/wp-json\/wp\/v2\/users\/1"}],"replies":[{"embeddable":true,"href":"https:\/\/www.next-expedition.com\/index.php\/wp-json\/wp\/v2\/comments?post=197"}],"version-history":[{"count":11,"href":"https:\/\/www.next-expedition.com\/index.php\/wp-json\/wp\/v2\/pages\/197\/revisions"}],"predecessor-version":[{"id":325,"href":"https:\/\/www.next-expedition.com\/index.php\/wp-json\/wp\/v2\/pages\/197\/revisions\/325"}],"wp:attachment":[{"href":"https:\/\/www.next-expedition.com\/index.php\/wp-json\/wp\/v2\/media?parent=197"}],"curies":[{"name":"wp","href":"https:\/\/api.w.org\/{rel}","templated":true}]}}