{"id":30,"date":"2025-10-17T12:58:52","date_gmt":"2025-10-17T12:58:52","guid":{"rendered":"https:\/\/www.next-expedition.com\/?page_id=30"},"modified":"2025-11-03T12:13:58","modified_gmt":"2025-11-03T12:13:58","slug":"nos-produits","status":"publish","type":"page","link":"https:\/\/www.next-expedition.com\/index.php\/nos-produits\/","title":{"rendered":"Nos Produits"},"content":{"rendered":"\n<h2 class=\"wp-block-heading\">Les Cellules<\/h2>\n\n\n\n<div class=\"wp-block-media-text has-media-on-the-right is-stacked-on-mobile\"><div class=\"wp-block-media-text__content\">\n<p>Notre s\u00e9lection de cellules pour partir \u00e0 l&rsquo;aventure de fa\u00e7on confortable et s\u00e9curis\u00e9.<\/p>\n\n\n\n<div class=\"wp-block-buttons is-layout-flex wp-block-buttons-is-layout-flex\">\n<div class=\"wp-block-button\"><a class=\"wp-block-button__link wp-element-button\" href=\"https:\/\/www.next-expedition.com\/index.php\/cellules\/\">Nos cellules<\/a><\/div>\n<\/div>\n<\/div><figure class=\"wp-block-media-text__media\"><a href=\"https:\/\/www.next-expedition.com\/index.php\/cellules\/\"><img loading=\"lazy\" decoding=\"async\" width=\"1024\" height=\"771\" src=\"https:\/\/www.next-expedition.com\/wp-content\/uploads\/2025\/10\/Nordlandtour_001-scaled.jpg-1024x771.webp\" alt=\"\" class=\"wp-image-89 size-full\" srcset=\"https:\/\/www.next-expedition.com\/wp-content\/uploads\/2025\/10\/Nordlandtour_001-scaled.jpg-1024x771.webp 1024w, https:\/\/www.next-expedition.com\/wp-content\/uploads\/2025\/10\/Nordlandtour_001-scaled.jpg-300x226.webp 300w, https:\/\/www.next-expedition.com\/wp-content\/uploads\/2025\/10\/Nordlandtour_001-scaled.jpg-768x578.webp 768w, https:\/\/www.next-expedition.com\/wp-content\/uploads\/2025\/10\/Nordlandtour_001-scaled.jpg-1536x1156.webp 1536w, https:\/\/www.next-expedition.com\/wp-content\/uploads\/2025\/10\/Nordlandtour_001-scaled.jpg-2048x1542.webp 2048w\" sizes=\"auto, (max-width: 1024px) 100vw, 1024px\" \/><\/a><\/figure><\/div>\n\n\n\n<h2 class=\"wp-block-heading\">Tentes de toit<\/h2>\n\n\n\n<div class=\"wp-block-media-text has-media-on-the-right is-stacked-on-mobile\"><div class=\"wp-block-media-text__content\">\n<p>Notre s\u00e9lection de tentes de toit pour accompagner toutes vos aventure.<\/p>\n\n\n\n<div class=\"wp-block-buttons is-layout-flex wp-block-buttons-is-layout-flex\">\n<div class=\"wp-block-button\"><a class=\"wp-block-button__link wp-element-button\" href=\"https:\/\/www.next-expedition.com\/index.php\/tentes-de-toit\/\">Tentes de toit<\/a><\/div>\n<\/div>\n<\/div><figure class=\"wp-block-media-text__media\"><a href=\"https:\/\/www.next-expedition.com\/index.php\/tentes-de-toit\/\"><img loading=\"lazy\" decoding=\"async\" width=\"720\" height=\"480\" src=\"https:\/\/www.next-expedition.com\/wp-content\/uploads\/2025\/10\/ExpeditionXL.webp\" alt=\"\" class=\"wp-image-219 size-full\" srcset=\"https:\/\/www.next-expedition.com\/wp-content\/uploads\/2025\/10\/ExpeditionXL.webp 720w, https:\/\/www.next-expedition.com\/wp-content\/uploads\/2025\/10\/ExpeditionXL-300x200.webp 300w\" sizes=\"auto, (max-width: 720px) 100vw, 720px\" \/><\/a><\/figure><\/div>\n","protected":false},"excerpt":{"rendered":"<p>Les Cellules Tentes de toit<\/p>\n","protected":false},"author":1,"featured_media":0,"parent":0,"menu_order":0,"comment_status":"closed","ping_status":"closed","template":"","meta":{"site-sidebar-layout":"default","site-content-layout":"","ast-site-content-layout":"default","site-content-style":"default","site-sidebar-style":"default","ast-global-header-display":"","ast-banner-title-visibility":"","ast-main-header-display":"","ast-hfb-above-header-display":"","ast-hfb-below-header-display":"","ast-hfb-mobile-header-display":"","site-post-title":"","ast-breadcrumbs-content":"","ast-featured-img":"","footer-sml-layout":"","ast-disable-related-posts":"","theme-transparent-header-meta":"","adv-header-id-meta":"","stick-header-meta":"","header-above-stick-meta":"","header-main-stick-meta":"","header-below-stick-meta":"","astra-migrate-meta-layouts":"default","ast-page-background-enabled":"default","ast-page-background-meta":{"desktop":{"background-color":"var(--ast-global-color-5)","background-image":"","background-repeat":"repeat","background-position":"center center","background-size":"auto","background-attachment":"scroll","background-type":"","background-media":"","overlay-type":"","overlay-color":"","overlay-opacity":"","overlay-gradient":""},"tablet":{"background-color":"","background-image":"","background-repeat":"repeat","background-position":"center center","background-size":"auto","background-attachment":"scroll","background-type":"","background-media":"","overlay-type":"","overlay-color":"","overlay-opacity":"","overlay-gradient":""},"mobile":{"background-color":"","background-image":"","background-repeat":"repeat","background-position":"center center","background-size":"auto","background-attachment":"scroll","background-type":"","background-media":"","overlay-type":"","overlay-color":"","overlay-opacity":"","overlay-gradient":""}},"ast-content-background-meta":{"desktop":{"background-color":"var(--ast-global-color-4)","background-image":"","background-repeat":"repeat","background-position":"center center","background-size":"auto","background-attachment":"scroll","background-type":"","background-media":"","overlay-type":"","overlay-color":"","overlay-opacity":"","overlay-gradient":""},"tablet":{"background-color":"var(--ast-global-color-4)","background-image":"","background-repeat":"repeat","background-position":"center center","background-size":"auto","background-attachment":"scroll","background-type":"","background-media":"","overlay-type":"","overlay-color":"","overlay-opacity":"","overlay-gradient":""},"mobile":{"background-color":"var(--ast-global-color-4)","background-image":"","background-repeat":"repeat","background-position":"center center","background-size":"auto","background-attachment":"scroll","background-type":"","background-media":"","overlay-type":"","overlay-color":"","overlay-opacity":"","overlay-gradient":""}},"footnotes":""},"class_list":["post-30","page","type-page","status-publish","hentry"],"_links":{"self":[{"href":"https:\/\/www.next-expedition.com\/index.php\/wp-json\/wp\/v2\/pages\/30","targetHints":{"allow":["GET"]}}],"collection":[{"href":"https:\/\/www.next-expedition.com\/index.php\/wp-json\/wp\/v2\/pages"}],"about":[{"href":"https:\/\/www.next-expedition.com\/index.php\/wp-json\/wp\/v2\/types\/page"}],"author":[{"embeddable":true,"href":"https:\/\/www.next-expedition.com\/index.php\/wp-json\/wp\/v2\/users\/1"}],"replies":[{"embeddable":true,"href":"https:\/\/www.next-expedition.com\/index.php\/wp-json\/wp\/v2\/comments?post=30"}],"version-history":[{"count":6,"href":"https:\/\/www.next-expedition.com\/index.php\/wp-json\/wp\/v2\/pages\/30\/revisions"}],"predecessor-version":[{"id":230,"href":"https:\/\/www.next-expedition.com\/index.php\/wp-json\/wp\/v2\/pages\/30\/revisions\/230"}],"wp:attachment":[{"href":"https:\/\/www.next-expedition.com\/index.php\/wp-json\/wp\/v2\/media?parent=30"}],"curies":[{"name":"wp","href":"https:\/\/api.w.org\/{rel}","templated":true}]}}