{"id":319,"date":"2026-02-13T09:47:34","date_gmt":"2026-02-13T09:47:34","guid":{"rendered":"https:\/\/www.next-expedition.com\/?page_id=319"},"modified":"2026-02-13T09:47:34","modified_gmt":"2026-02-13T09:47:34","slug":"galerie","status":"publish","type":"page","link":"https:\/\/www.next-expedition.com\/index.php\/galerie\/","title":{"rendered":"Galerie"},"content":{"rendered":"\n<h2 class=\"wp-block-heading\">Vanlife Expo Bordeaux 2025<\/h2>\n\n\n\n<figure class=\"wp-block-gallery has-nested-images columns-default wp-block-gallery-1 is-layout-flex wp-block-gallery-is-layout-flex\">\n<figure class=\"wp-block-image size-large\"><img loading=\"lazy\" decoding=\"async\" width=\"1024\" height=\"768\" data-id=\"249\" src=\"https:\/\/www.next-expedition.com\/wp-content\/uploads\/2025\/11\/20251107_171621-1024x768.jpg\" alt=\"\" class=\"wp-image-249\" srcset=\"https:\/\/www.next-expedition.com\/wp-content\/uploads\/2025\/11\/20251107_171621-1024x768.jpg 1024w, https:\/\/www.next-expedition.com\/wp-content\/uploads\/2025\/11\/20251107_171621-300x225.jpg 300w, https:\/\/www.next-expedition.com\/wp-content\/uploads\/2025\/11\/20251107_171621-768x576.jpg 768w, https:\/\/www.next-expedition.com\/wp-content\/uploads\/2025\/11\/20251107_171621-1536x1152.jpg 1536w, https:\/\/www.next-expedition.com\/wp-content\/uploads\/2025\/11\/20251107_171621-2048x1536.jpg 2048w\" sizes=\"auto, (max-width: 1024px) 100vw, 1024px\" \/><\/figure>\n\n\n\n<figure class=\"wp-block-image size-large\"><img loading=\"lazy\" decoding=\"async\" width=\"1024\" height=\"576\" data-id=\"250\" src=\"https:\/\/www.next-expedition.com\/wp-content\/uploads\/2025\/11\/20251107_171621-edited-1024x576.jpg\" alt=\"\" class=\"wp-image-250\" srcset=\"https:\/\/www.next-expedition.com\/wp-content\/uploads\/2025\/11\/20251107_171621-edited-1024x576.jpg 1024w, https:\/\/www.next-expedition.com\/wp-content\/uploads\/2025\/11\/20251107_171621-edited-300x169.jpg 300w, https:\/\/www.next-expedition.com\/wp-content\/uploads\/2025\/11\/20251107_171621-edited-768x432.jpg 768w, https:\/\/www.next-expedition.com\/wp-content\/uploads\/2025\/11\/20251107_171621-edited-1536x864.jpg 1536w, https:\/\/www.next-expedition.com\/wp-content\/uploads\/2025\/11\/20251107_171621-edited-2048x1152.jpg 2048w\" sizes=\"auto, (max-width: 1024px) 100vw, 1024px\" \/><\/figure>\n\n\n\n<figure class=\"wp-block-image size-large\"><img loading=\"lazy\" decoding=\"async\" width=\"1024\" height=\"768\" data-id=\"248\" src=\"https:\/\/www.next-expedition.com\/wp-content\/uploads\/2025\/11\/20251107_165221-1024x768.jpg\" alt=\"\" class=\"wp-image-248\" srcset=\"https:\/\/www.next-expedition.com\/wp-content\/uploads\/2025\/11\/20251107_165221-1024x768.jpg 1024w, https:\/\/www.next-expedition.com\/wp-content\/uploads\/2025\/11\/20251107_165221-300x225.jpg 300w, https:\/\/www.next-expedition.com\/wp-content\/uploads\/2025\/11\/20251107_165221-768x576.jpg 768w, https:\/\/www.next-expedition.com\/wp-content\/uploads\/2025\/11\/20251107_165221-1536x1152.jpg 1536w, https:\/\/www.next-expedition.com\/wp-content\/uploads\/2025\/11\/20251107_165221-2048x1536.jpg 2048w\" sizes=\"auto, (max-width: 1024px) 100vw, 1024px\" \/><\/figure>\n<\/figure>\n\n\n\n<figure class=\"wp-block-embed is-type-video is-provider-youtube wp-block-embed-youtube wp-embed-aspect-16-9 wp-has-aspect-ratio\"><div class=\"wp-block-embed__wrapper\">\n<iframe loading=\"lazy\" title=\"Cellule mod\u00e8le LE230 pr\u00e9sent\u00e9e au salon Vanlife Expo 2025 \u00e0 Bordeaux\" width=\"500\" height=\"281\" src=\"https:\/\/www.youtube.com\/embed\/rJcScmbxEAc?start=134&#038;feature=oembed\" frameborder=\"0\" allow=\"accelerometer; autoplay; clipboard-write; encrypted-media; gyroscope; picture-in-picture; web-share\" referrerpolicy=\"strict-origin-when-cross-origin\" allowfullscreen><\/iframe>\n<\/div><\/figure>\n","protected":false},"excerpt":{"rendered":"<p>Vanlife Expo Bordeaux 2025<\/p>\n","protected":false},"author":1,"featured_media":0,"parent":0,"menu_order":0,"comment_status":"closed","ping_status":"closed","template":"","meta":{"site-sidebar-layout":"default","site-content-layout":"","ast-site-content-layout":"default","site-content-style":"default","site-sidebar-style":"default","ast-global-header-display":"","ast-banner-title-visibility":"","ast-main-header-display":"","ast-hfb-above-header-display":"","ast-hfb-below-header-display":"","ast-hfb-mobile-header-display":"","site-post-title":"","ast-breadcrumbs-content":"","ast-featured-img":"","footer-sml-layout":"","ast-disable-related-posts":"","theme-transparent-header-meta":"","adv-header-id-meta":"","stick-header-meta":"","header-above-stick-meta":"","header-main-stick-meta":"","header-below-stick-meta":"","astra-migrate-meta-layouts":"default","ast-page-background-enabled":"default","ast-page-background-meta":{"desktop":{"background-color":"var(--ast-global-color-5)","background-image":"","background-repeat":"repeat","background-position":"center center","background-size":"auto","background-attachment":"scroll","background-type":"","background-media":"","overlay-type":"","overlay-color":"","overlay-opacity":"","overlay-gradient":""},"tablet":{"background-color":"","background-image":"","background-repeat":"repeat","background-position":"center center","background-size":"auto","background-attachment":"scroll","background-type":"","background-media":"","overlay-type":"","overlay-color":"","overlay-opacity":"","overlay-gradient":""},"mobile":{"background-color":"","background-image":"","background-repeat":"repeat","background-position":"center center","background-size":"auto","background-attachment":"scroll","background-type":"","background-media":"","overlay-type":"","overlay-color":"","overlay-opacity":"","overlay-gradient":""}},"ast-content-background-meta":{"desktop":{"background-color":"var(--ast-global-color-4)","background-image":"","background-repeat":"repeat","background-position":"center center","background-size":"auto","background-attachment":"scroll","background-type":"","background-media":"","overlay-type":"","overlay-color":"","overlay-opacity":"","overlay-gradient":""},"tablet":{"background-color":"var(--ast-global-color-4)","background-image":"","background-repeat":"repeat","background-position":"center center","background-size":"auto","background-attachment":"scroll","background-type":"","background-media":"","overlay-type":"","overlay-color":"","overlay-opacity":"","overlay-gradient":""},"mobile":{"background-color":"var(--ast-global-color-4)","background-image":"","background-repeat":"repeat","background-position":"center center","background-size":"auto","background-attachment":"scroll","background-type":"","background-media":"","overlay-type":"","overlay-color":"","overlay-opacity":"","overlay-gradient":""}},"footnotes":""},"class_list":["post-319","page","type-page","status-publish","hentry"],"_links":{"self":[{"href":"https:\/\/www.next-expedition.com\/index.php\/wp-json\/wp\/v2\/pages\/319","targetHints":{"allow":["GET"]}}],"collection":[{"href":"https:\/\/www.next-expedition.com\/index.php\/wp-json\/wp\/v2\/pages"}],"about":[{"href":"https:\/\/www.next-expedition.com\/index.php\/wp-json\/wp\/v2\/types\/page"}],"author":[{"embeddable":true,"href":"https:\/\/www.next-expedition.com\/index.php\/wp-json\/wp\/v2\/users\/1"}],"replies":[{"embeddable":true,"href":"https:\/\/www.next-expedition.com\/index.php\/wp-json\/wp\/v2\/comments?post=319"}],"version-history":[{"count":3,"href":"https:\/\/www.next-expedition.com\/index.php\/wp-json\/wp\/v2\/pages\/319\/revisions"}],"predecessor-version":[{"id":327,"href":"https:\/\/www.next-expedition.com\/index.php\/wp-json\/wp\/v2\/pages\/319\/revisions\/327"}],"wp:attachment":[{"href":"https:\/\/www.next-expedition.com\/index.php\/wp-json\/wp\/v2\/media?parent=319"}],"curies":[{"name":"wp","href":"https:\/\/api.w.org\/{rel}","templated":true}]}}