{"id":32,"date":"2025-10-17T12:59:24","date_gmt":"2025-10-17T12:59:24","guid":{"rendered":"https:\/\/www.next-expedition.com\/?page_id=32"},"modified":"2026-02-19T13:39:16","modified_gmt":"2026-02-19T13:39:16","slug":"cellules","status":"publish","type":"page","link":"https:\/\/www.next-expedition.com\/index.php\/cellules\/","title":{"rendered":"Cellules Laske Expedition"},"content":{"rendered":"\n<h6 class=\"wp-block-heading\">Fabriqu\u00e9e en Allemagne \ud83c\udde9\ud83c\uddea<\/h6>\n\n\n\n<blockquote class=\"wp-block-quote is-layout-flow wp-block-quote-is-layout-flow\">\n<p><strong>Red\u00e9finir l&rsquo;H\u00e9bergement Off-Road<\/strong><\/p>\n\n\n\n<p>Le fabricant allemand Laske Expedition se positionne comme un leader de l&rsquo;innovation gr\u00e2ce \u00e0 une conception de cellule amovible <strong>r\u00e9volutionnaire<\/strong> : leur toit relevable (syst\u00e8me <em>pop-up)<\/em> utilise des <strong>parois rigides<\/strong> en lieu et place des traditionnelles toiles.<\/p>\n\n\n\n<p>Cette architecture conf\u00e8re des avantages d\u00e9terminants pour les exp\u00e9ditions de longue dur\u00e9e et en conditions extr\u00eames :<\/p>\n\n\n\n<ul class=\"wp-block-list\">\n<li><strong>Isolation Thermique et Phonique Optimale :<\/strong> Les parois rigides assurent un maintien sup\u00e9rieur de la temp\u00e9rature (chaleur ou fra\u00eecheur) et un <strong>silence accru<\/strong>, garantissant des nuits plus reposantes et un confort incomparable.<\/li>\n\n\n\n<li><strong>S\u00e9curit\u00e9 et Durabilit\u00e9 Renforc\u00e9es :<\/strong> Une structure robuste qui offre une protection maximale contre les \u00e9l\u00e9ments et les risques d\u2019intrusions, permettant aux voyageurs de repousser les limites de leurs destinations en toute s\u00e9r\u00e9nit\u00e9.<\/li>\n<\/ul>\n\n\n\n<p>Ces cellules sont un investissement pour l&rsquo;aventure, alliant un <strong>design soign\u00e9<\/strong>, un <strong>int\u00e9rieur tr\u00e8s confortable<\/strong> et un tr\u00e8s haut niveau de <strong>fiabilit\u00e9<\/strong> du fait des composants mis en \u0153uvre.<\/p>\n<\/blockquote>\n\n\n\n<div class=\"wp-block-columns is-layout-flex wp-container-core-columns-is-layout-28f84493 wp-block-columns-is-layout-flex\">\n<div class=\"wp-block-column is-layout-flow wp-block-column-is-layout-flow\">\n<h3 class=\"wp-block-heading has-text-align-center\">Laske LE230<\/h3>\n\n\n\n<figure class=\"wp-block-image aligncenter size-large is-resized\"><a href=\"https:\/\/www.next-expedition.com\/index.php\/laske-le230\/\"><img loading=\"lazy\" decoding=\"async\" width=\"1024\" height=\"576\" src=\"https:\/\/www.next-expedition.com\/wp-content\/uploads\/2025\/10\/Nordlandtour_003-scaled.jpg-1024x576.webp\" alt=\"\" class=\"wp-image-46\" style=\"width:315px;height:auto\" srcset=\"https:\/\/www.next-expedition.com\/wp-content\/uploads\/2025\/10\/Nordlandtour_003-scaled.jpg-1024x576.webp 1024w, https:\/\/www.next-expedition.com\/wp-content\/uploads\/2025\/10\/Nordlandtour_003-scaled.jpg-300x169.webp 300w, https:\/\/www.next-expedition.com\/wp-content\/uploads\/2025\/10\/Nordlandtour_003-scaled.jpg-768x432.webp 768w, https:\/\/www.next-expedition.com\/wp-content\/uploads\/2025\/10\/Nordlandtour_003-scaled.jpg-1536x863.webp 1536w, https:\/\/www.next-expedition.com\/wp-content\/uploads\/2025\/10\/Nordlandtour_003-scaled.jpg-2048x1151.webp 2048w\" sizes=\"auto, (max-width: 1024px) 100vw, 1024px\" \/><\/a><\/figure>\n\n\n\n<p class=\"has-text-align-center\">Une cellule haut de gamme compact \u00e0 monter sur un Pickup.<\/p>\n\n\n\n<div class=\"wp-block-buttons is-content-justification-center is-layout-flex wp-container-core-buttons-is-layout-a89b3969 wp-block-buttons-is-layout-flex\">\n<div class=\"wp-block-button\"><a class=\"wp-block-button__link has-text-align-center wp-element-button\" href=\"https:\/\/www.next-expedition.com\/index.php\/laske-le230\/\">Voir le produit<\/a><\/div>\n<\/div>\n<\/div>\n\n\n\n<div class=\"wp-block-column is-layout-flow wp-block-column-is-layout-flow\">\n<h3 class=\"wp-block-heading has-text-align-center\">Laske LE410<\/h3>\n\n\n\n<figure class=\"wp-block-image size-large\"><a href=\"https:\/\/www.next-expedition.com\/index.php\/le410\/\"><img loading=\"lazy\" decoding=\"async\" width=\"1024\" height=\"517\" src=\"https:\/\/www.next-expedition.com\/wp-content\/uploads\/2025\/10\/LE410_Daily.jpg-1024x517.webp\" alt=\"\" class=\"wp-image-63\" srcset=\"https:\/\/www.next-expedition.com\/wp-content\/uploads\/2025\/10\/LE410_Daily.jpg-1024x517.webp 1024w, https:\/\/www.next-expedition.com\/wp-content\/uploads\/2025\/10\/LE410_Daily.jpg-300x151.webp 300w, https:\/\/www.next-expedition.com\/wp-content\/uploads\/2025\/10\/LE410_Daily.jpg-768x388.webp 768w, https:\/\/www.next-expedition.com\/wp-content\/uploads\/2025\/10\/LE410_Daily.jpg-1536x775.webp 1536w, https:\/\/www.next-expedition.com\/wp-content\/uploads\/2025\/10\/LE410_Daily.jpg-2048x1033.webp 2048w\" sizes=\"auto, (max-width: 1024px) 100vw, 1024px\" \/><\/a><\/figure>\n\n\n\n<p class=\"has-text-align-center\">Une cellule haut de gamme et spacieuse pour les voyages autour du monde.<\/p>\n\n\n\n<div class=\"wp-block-buttons is-content-justification-center is-layout-flex wp-container-core-buttons-is-layout-a89b3969 wp-block-buttons-is-layout-flex\">\n<div class=\"wp-block-button\"><a class=\"wp-block-button__link wp-element-button\" href=\"https:\/\/www.next-expedition.com\/index.php\/le410\/\">Voir le produit<\/a><\/div>\n<\/div>\n<\/div>\n\n\n\n<div class=\"wp-block-column is-layout-flow wp-block-column-is-layout-flow\">\n<h3 class=\"wp-block-heading has-text-align-center\">Cellules Vides<\/h3>\n\n\n\n<figure class=\"wp-block-image aligncenter size-large is-resized\"><a href=\"https:\/\/www.next-expedition.com\/index.php\/laske-cellules-vides\/\"><img loading=\"lazy\" decoding=\"async\" width=\"1024\" height=\"1024\" src=\"https:\/\/www.next-expedition.com\/wp-content\/uploads\/2025\/10\/Leerkabine-1024x1024.jpg\" alt=\"\" class=\"wp-image-147\" style=\"width:176px;height:auto\" srcset=\"https:\/\/www.next-expedition.com\/wp-content\/uploads\/2025\/10\/Leerkabine-1024x1024.jpg 1024w, https:\/\/www.next-expedition.com\/wp-content\/uploads\/2025\/10\/Leerkabine-300x300.jpg 300w, https:\/\/www.next-expedition.com\/wp-content\/uploads\/2025\/10\/Leerkabine-150x150.jpg 150w, https:\/\/www.next-expedition.com\/wp-content\/uploads\/2025\/10\/Leerkabine-768x768.jpg 768w, https:\/\/www.next-expedition.com\/wp-content\/uploads\/2025\/10\/Leerkabine-1536x1536.jpg 1536w, https:\/\/www.next-expedition.com\/wp-content\/uploads\/2025\/10\/Leerkabine.jpg 1728w\" sizes=\"auto, (max-width: 1024px) 100vw, 1024px\" \/><\/a><\/figure>\n\n\n\n<p class=\"has-text-align-center\">Les cellules Laske Expedition vide pour un am\u00e9nagement sur mesure.<\/p>\n\n\n\n<div class=\"wp-block-buttons is-content-justification-center is-layout-flex wp-container-core-buttons-is-layout-a89b3969 wp-block-buttons-is-layout-flex\">\n<div class=\"wp-block-button\"><a class=\"wp-block-button__link has-text-align-center wp-element-button\" href=\"https:\/\/www.next-expedition.com\/index.php\/laske-cellules-vides\/\">Voir le produit<\/a><\/div>\n<\/div>\n<\/div>\n<\/div>\n\n\n\n<p><\/p>\n","protected":false},"excerpt":{"rendered":"<p>Fabriqu\u00e9e en Allemagne \ud83c\udde9\ud83c\uddea Laske LE230 Une cellule haut de gamme compact \u00e0 monter sur un Pickup. Laske LE410 Une [&hellip;]<\/p>\n","protected":false},"author":1,"featured_media":0,"parent":0,"menu_order":0,"comment_status":"closed","ping_status":"closed","template":"","meta":{"site-sidebar-layout":"default","site-content-layout":"","ast-site-content-layout":"default","site-content-style":"default","site-sidebar-style":"default","ast-global-header-display":"","ast-banner-title-visibility":"","ast-main-header-display":"","ast-hfb-above-header-display":"","ast-hfb-below-header-display":"","ast-hfb-mobile-header-display":"","site-post-title":"","ast-breadcrumbs-content":"","ast-featured-img":"","footer-sml-layout":"","ast-disable-related-posts":"","theme-transparent-header-meta":"","adv-header-id-meta":"","stick-header-meta":"","header-above-stick-meta":"","header-main-stick-meta":"","header-below-stick-meta":"","astra-migrate-meta-layouts":"default","ast-page-background-enabled":"default","ast-page-background-meta":{"desktop":{"background-color":"var(--ast-global-color-5)","background-image":"","background-repeat":"repeat","background-position":"center center","background-size":"auto","background-attachment":"scroll","background-type":"","background-media":"","overlay-type":"","overlay-color":"","overlay-opacity":"","overlay-gradient":""},"tablet":{"background-color":"","background-image":"","background-repeat":"repeat","background-position":"center center","background-size":"auto","background-attachment":"scroll","background-type":"","background-media":"","overlay-type":"","overlay-color":"","overlay-opacity":"","overlay-gradient":""},"mobile":{"background-color":"","background-image":"","background-repeat":"repeat","background-position":"center center","background-size":"auto","background-attachment":"scroll","background-type":"","background-media":"","overlay-type":"","overlay-color":"","overlay-opacity":"","overlay-gradient":""}},"ast-content-background-meta":{"desktop":{"background-color":"var(--ast-global-color-4)","background-image":"","background-repeat":"repeat","background-position":"center center","background-size":"auto","background-attachment":"scroll","background-type":"","background-media":"","overlay-type":"","overlay-color":"","overlay-opacity":"","overlay-gradient":""},"tablet":{"background-color":"var(--ast-global-color-4)","background-image":"","background-repeat":"repeat","background-position":"center center","background-size":"auto","background-attachment":"scroll","background-type":"","background-media":"","overlay-type":"","overlay-color":"","overlay-opacity":"","overlay-gradient":""},"mobile":{"background-color":"var(--ast-global-color-4)","background-image":"","background-repeat":"repeat","background-position":"center center","background-size":"auto","background-attachment":"scroll","background-type":"","background-media":"","overlay-type":"","overlay-color":"","overlay-opacity":"","overlay-gradient":""}},"footnotes":""},"class_list":["post-32","page","type-page","status-publish","hentry"],"_links":{"self":[{"href":"https:\/\/www.next-expedition.com\/index.php\/wp-json\/wp\/v2\/pages\/32","targetHints":{"allow":["GET"]}}],"collection":[{"href":"https:\/\/www.next-expedition.com\/index.php\/wp-json\/wp\/v2\/pages"}],"about":[{"href":"https:\/\/www.next-expedition.com\/index.php\/wp-json\/wp\/v2\/types\/page"}],"author":[{"embeddable":true,"href":"https:\/\/www.next-expedition.com\/index.php\/wp-json\/wp\/v2\/users\/1"}],"replies":[{"embeddable":true,"href":"https:\/\/www.next-expedition.com\/index.php\/wp-json\/wp\/v2\/comments?post=32"}],"version-history":[{"count":10,"href":"https:\/\/www.next-expedition.com\/index.php\/wp-json\/wp\/v2\/pages\/32\/revisions"}],"predecessor-version":[{"id":360,"href":"https:\/\/www.next-expedition.com\/index.php\/wp-json\/wp\/v2\/pages\/32\/revisions\/360"}],"wp:attachment":[{"href":"https:\/\/www.next-expedition.com\/index.php\/wp-json\/wp\/v2\/media?parent=32"}],"curies":[{"name":"wp","href":"https:\/\/api.w.org\/{rel}","templated":true}]}}